{"id":2648,"date":"2020-08-19T15:23:21","date_gmt":"2020-08-19T15:23:21","guid":{"rendered":"https:\/\/gjartshop.com\/?page_id=2648"},"modified":"2026-01-27T13:59:58","modified_gmt":"2026-01-27T13:59:58","slug":"obchodni-podminky-vseobecne-obchodni-podminky","status":"publish","type":"page","link":"https:\/\/gjartshop.com\/cs\/obchodni-podminky-vseobecne-obchodni-podminky\/","title":{"rendered":"Obchodn\u00ed podm\u00ednky"},"content":{"rendered":"<div data-elementor-type=\"wp-page\" data-elementor-id=\"2648\" class=\"elementor elementor-2648\" data-elementor-post-type=\"page\">\n\t\t\t\t\t\t<section class=\"elementor-section elementor-top-section elementor-element elementor-element-41640a4 elementor-section-boxed elementor-section-height-default elementor-section-height-default\" data-id=\"41640a4\" data-element_type=\"section\" data-e-type=\"section\">\n\t\t\t\t\t\t<div class=\"elementor-container elementor-column-gap-default\">\n\t\t\t\t\t<div class=\"elementor-column elementor-col-100 elementor-top-column elementor-element elementor-element-e7ccd0d\" data-id=\"e7ccd0d\" data-element_type=\"column\" data-e-type=\"column\">\n\t\t\t<div class=\"elementor-widget-wrap elementor-element-populated\">\n\t\t\t\t\t\t<div class=\"elementor-element elementor-element-cf9e9a9 elementor-widget elementor-widget-heading\" data-id=\"cf9e9a9\" data-element_type=\"widget\" data-e-type=\"widget\" data-widget_type=\"heading.default\">\n\t\t\t\t<div class=\"elementor-widget-container\">\n\t\t\t\t\t<h2 class=\"elementor-heading-title elementor-size-default\">V\u0161eobecn\u00e9 obchodn\u00ed podm\u00ednky <\/h2>\t\t\t\t<\/div>\n\t\t\t\t<\/div>\n\t\t\t\t\t<\/div>\n\t\t<\/div>\n\t\t\t\t\t<\/div>\n\t\t<\/section>\n\t\t\t\t<section class=\"elementor-section elementor-top-section elementor-element elementor-element-7240c1a elementor-section-stretched elementor-section-boxed elementor-section-height-default elementor-section-height-default\" data-id=\"7240c1a\" data-element_type=\"section\" data-e-type=\"section\" data-settings=\"{&quot;stretch_section&quot;:&quot;section-stretched&quot;}\">\n\t\t\t\t\t\t<div class=\"elementor-container elementor-column-gap-default\">\n\t\t\t\t\t<div class=\"elementor-column elementor-col-100 elementor-top-column elementor-element elementor-element-9ce6923\" data-id=\"9ce6923\" data-element_type=\"column\" data-e-type=\"column\">\n\t\t\t<div class=\"elementor-widget-wrap elementor-element-populated\">\n\t\t\t\t\t\t<div class=\"elementor-element elementor-element-dc4f0bb elementor-widget elementor-widget-text-editor\" data-id=\"dc4f0bb\" data-element_type=\"widget\" data-e-type=\"widget\" data-widget_type=\"text-editor.default\">\n\t\t\t\t<div class=\"elementor-widget-container\">\n\t\t\t\t\t\t\t\t\t<ol><li>Z\u00e1kladn\u00ed ustanoven\u00ed<\/li><\/ol><p>These Terms and Conditions regulate the supplier-customer relations arising from the sale of Goods in the online store under the domain www.gjartshop.com (hereinafter referred to as the &#8220;seller&#8221;, whose operator is Jelena Oni\u0161\u010denko, company identification number: 70359466. Billing address is K Vodojemu 2110\/18, Praha 5 &#8211; 150 00.<\/p><ol start=\"2\"><li>Objedn\u00e1n\u00ed zbo\u017e\u00ed<\/li><\/ol><p>Objedn\u00e1vat lze n\u00e1sleduj\u00edc\u00edmi zp\u016fsoby:\u00a0<\/p><p>- n\u00e1kupn\u00edm ko\u0161\u00edkem p\u0159es internet obchod\u00a0<a href=\"https:\/\/gjartshop.com\/cs\/\"><strong>www.gjartshop.com<\/strong><\/a><strong><br \/><\/strong>- elektronickou info@galeriejakubska.com<br \/>- telefonicky na tel. \u010d\u00edsle +420 724500796.<\/p><p>V objedn\u00e1vce je nutn\u00e9 uv\u00e9st z\u00e1kladn\u00ed n\u00e1le\u017eitosti nutn\u00e9 pro vystaven\u00ed da\u0148ov\u00e9ho dokladu. Ve\u0161ker\u00e9 zbo\u017e\u00ed je jednozna\u010dn\u011b identifikov\u00e1no jeho n\u00e1zvem a cenou. Objedn\u00e1n\u00edm kupuj\u00edc\u00ed stvrzuje, \u017ee se sezn\u00e1mil s obchodn\u00edmi podm\u00ednkami a reklama\u010dn\u00edm \u0159\u00e1dem, a \u017ee s nimi souhlas\u00ed. Z\u00e1kazn\u00edk v\u017edy dostane zbo\u017e\u00ed za ceny platn\u00e9 v den objedn\u00e1n\u00ed. Stanoven\u00e9 ceny zbo\u017e\u00ed, jsou v\u010detn\u011b DPH a jsou aktu\u00e1ln\u00ed do vyprod\u00e1n\u00ed z\u00e1sob.<\/p><p>P\u0159ijat\u00e9 objedn\u00e1vky jsou z\u00e1vazn\u00e9. Smlouva je uzav\u0159ena potvrzen\u00edm objedn\u00e1vky prod\u00e1vaj\u00edc\u00edm. Potvrzen\u00ed objedn\u00e1vky je z\u00e1kazn\u00edkovi automaticky zas\u00edl\u00e1no po objedn\u00e1n\u00ed zbo\u017e\u00ed.<\/p><p>Pr\u00e1vn\u00ed vztahy vznikl\u00e9 uzav\u0159en\u00edm kupn\u00ed smlouvy se \u0159\u00edd\u00ed p\u0159\u00edslu\u0161n\u00fdmi ustanoven\u00edmi ob\u010dansk\u00e9ho z\u00e1kon\u00edku, zejm\u00e9na ustanoven\u00edmi o uzav\u00edr\u00e1n\u00ed smluv za pou\u017eit\u00ed prost\u0159edk\u016f komunikace na d\u00e1lku.<\/p><p><span data-contrast=\"none\">\u202f<\/span><span data-ccp-props=\"{\">\u00a0<\/span><\/p><ol start=\"3\"><li>Platebn\u00ed podm\u00ednky<\/li><\/ol><p>Spole\u010dn\u011b s kupn\u00ed cenou je kupuj\u00edc\u00ed povinen zaplatit prod\u00e1vaj\u00edc\u00edmu tak\u00e9 n\u00e1klady spojen\u00e9 s balen\u00edm a dod\u00e1n\u00edm zbo\u017e\u00ed ve smluven\u00e9 v\u00fd\u0161i. Nen\u00ed-li uvedeno v\u00fdslovn\u011b jinak, rozum\u00ed se d\u00e1le kupn\u00ed cenou i n\u00e1klady spojen\u00e9 s dod\u00e1n\u00edm zbo\u017e\u00ed.<\/p><p>Zp\u016fsoby plateb:\u00a0<\/p><p><strong>Platba p\u0159es platebn\u00ed br\u00e1nu<\/strong><\/p><p><strong>Platba bankovn\u00edm p\u0159evodem<\/strong><\/p><p>Pokud jste jako platebn\u00ed metodu zvolili Platbu p\u0159edem na bankovn\u00ed \u00fa\u010det, pros\u00edm uhra\u010fte \u010d\u00e1stku na \u00fa\u010det: 1891 08 225\/ 0300.<b> <strong>3425241014\/3030<\/strong><\/b><\/p><p>P\u0159i volb\u011b platby bankovn\u00edm p\u0159evodem vy\u010dk\u00e1v\u00e1me na fyzick\u00e9 p\u0159ips\u00e1n\u00ed \u010d\u00e1stky na n\u00e1\u0161 bankovn\u00ed \u00fa\u010det a a\u017e po p\u0159ips\u00e1n\u00ed \u010d\u00e1stky zbo\u017e\u00ed expedujeme.  Pokud je zbo\u017e\u00ed na zak\u00e1zku, je zbo\u017e\u00ed zad\u00e1no do v\u00fdroby po p\u0159ips\u00e1n\u00ed \u010d\u00e1stky na \u00fa\u010det a v tom okam\u017eiku je doba expedice viz doba dod\u00e1n\u00ed u jednotliv\u00e9ho zbo\u017e\u00ed. Pokud m\u00e1te jinou banku ne\u017e my, trv\u00e1 p\u0159evod minim\u00e1ln\u011b 1 pracovn\u00ed den.<\/p><p>Platba bankovn\u00edm p\u0159evodem na z\u00e1klad\u011b vystaven\u00e9 faktury se splatnost\u00ed 10 dn\u016f u st\u00e1l\u00fdch zaregistrovan\u00fdch partner\u016f.<\/p><ol start=\"4\"><li><p>P\u0159eprava a dod\u00e1n\u00ed zbo\u017e\u00ed<\/p><\/li><\/ol><p><strong>Zbo\u017e\u00ed je dod\u00e1v\u00e1no t\u011bmito zp\u016fsoby:<\/strong><\/p><p><strong>1) PPL <\/strong><\/p><p>Doru\u010den\u00ed z\u00e1silky prost\u0159ednictv\u00edm PPL.Pr\u016fb\u011bh p\u0159epravy z\u00e1silky m\u016f\u017eete sledovat on-line na z\u00e1klad\u011b n\u00e1mi zaslan\u00e9ho k\u00f3du \u010di \u010d\u00edsla z\u00e1silky. Pro sledov\u00e1n\u00ed z\u00e1silky pou\u017eijte n\u00e1sleduj\u00edc\u00ed adresu: z\u00e1silka zaslan\u00e1 p\u0159epravn\u00ed slu\u017ebou <u>PPL<\/u>.<\/p><p><strong>2) DHL<\/strong><\/p><p>Doru\u010den\u00ed z\u00e1silky prost\u0159ednictv\u00edm DHL. Pr\u016fb\u011bh p\u0159epravy z\u00e1silky m\u016f\u017eete sledovat on-line na z\u00e1klad\u011b n\u00e1mi zaslan\u00e9ho k\u00f3du \u010di \u010d\u00edsla z\u00e1silky. Pro sledov\u00e1n\u00ed z\u00e1silky pou\u017eijte n\u00e1sleduj\u00edc\u00ed adresu: z\u00e1silka zaslan\u00e1 p\u0159epravn\u00ed slu\u017ebou <u>DHL<\/u>.<\/p><p>V p\u0159\u00edpad\u011b objedn\u00e1n\u00ed zbo\u017e\u00ed, kter\u00e9 je upravov\u00e1no, \u0159ez\u00e1no na m\u00edru \u010di jinak p\u0159izp\u016fsobeno dle po\u017eadavku z\u00e1kazn\u00edka je po\u017eadov\u00e1na platba p\u0159edem na bankovn\u00ed \u00fa\u010det.<\/p><p>Vyhrazujeme si pr\u00e1vo odeslat i ne\u00faplnou objedn\u00e1vku (nej\u010dast\u011bj\u0161\u00edmi d\u016fvody mohou b\u00fdt: zbo\u017e\u00ed se ji\u017e nevyr\u00e1b\u00ed, dodavatel zbo\u017e\u00ed dlouhodob\u011b nedodal \u010di zm\u011bnil ceny zbo\u017e\u00ed). O t\u00e9to skute\u010dnosti je z\u00e1kazn\u00edk v\u017edy p\u0159edem informov\u00e1n a z\u00e1le\u017e\u00ed v\u00fdhradn\u011b na n\u011bm, jak se rozhodne.<\/p><p>V p\u0159\u00edpad\u011b, \u017ee je odeslan\u00e1 z\u00e1silka z jak\u00fdchkoli d\u016fvod\u016f vr\u00e1cena zp\u011bt dodavateli a z\u00e1kazn\u00edk trv\u00e1 na op\u011btovn\u00e9m dod\u00e1n\u00ed, je cena nav\u00fd\u0161ena o dal\u0161\u00ed p\u0159epravn\u00e9 dle sazebn\u00edku.\u00a0<\/p><p><span data-contrast=\"none\">\u202f<\/span><span data-ccp-props=\"{\">\u00a0<\/span><\/p><ol start=\"5\"><li>Dodac\u00ed lh\u016fta<\/li><\/ol><p>Zbo\u017e\u00ed je dod\u00e1v\u00e1no ve lh\u016ft\u00e1ch uveden\u00fdch u ka\u017ed\u00e9 polo\u017eky. Nen\u00ed-li u zbo\u017e\u00ed uvedeno jinak, dodac\u00ed lh\u016fta je <strong>4 t\u00fddny<\/strong> od potvrzen\u00ed objedn\u00e1vky. V p\u0159\u00edpad\u011b vyprod\u00e1n\u00ed, m\u016f\u017ee doj\u00edt k prodlou\u017een\u00ed dodac\u00ed lh\u016fty. Dodac\u00ed lh\u016fty jsou pouze orienta\u010dn\u00ed. U zbo\u017e\u00ed hrazen\u00e9ho p\u0159edem na bankovn\u00ed \u00fa\u010det po\u010d\u00edn\u00e1 dodac\u00ed lh\u016fta b\u011b\u017eet a\u017e ode dne \u00fahrady zbo\u017e\u00ed. O p\u0159esn\u00e9m datu doru\u010den\u00ed rozhoduje t\u00e9\u017e zvolen\u00fd zp\u016fsob dopravy.<\/p><p>P\u0159i p\u0159evzet\u00ed z\u00e1silky je kupuj\u00edc\u00ed povinen <strong>spolu s dopravcem p\u0159ekontrolovat stav z\u00e1silky a p\u0159i po\u0161kozen\u00ed<\/strong> odm\u00edtnout jej\u00ed p\u0159evzet\u00ed. Pokud nelze z\u00e1silku p\u0159ekontrolovat neprodlen\u011b, lze vznikl\u00fd probl\u00e9m s po\u0161kozenou z\u00e1silkou \u0159e\u0161it s dopravcem, nikoliv s prod\u00e1vaj\u00edc\u00edm, a to do 24 hodin.<\/p><p><span data-contrast=\"none\">\u202f<\/span><span data-ccp-props=\"{\">\u00a0<\/span><\/p><ol start=\"6\"><li>Zru\u0161en\u00ed objedn\u00e1vky<\/li><\/ol><p>Kupuj\u00edc\u00ed m\u00e1 pr\u00e1vo zru\u0161it objedn\u00e1vku bez ud\u00e1n\u00ed d\u016fvodu nebo ji zm\u011bnit kdykoliv p\u0159ed jej\u00edm potvrzen\u00edm prod\u00e1vaj\u00edc\u00edm. Po potvrzen\u00ed lze objedn\u00e1vku zm\u011bnit jen podle dohody s prod\u00e1vaj\u00edc\u00edm, zru\u0161it jen v p\u0159\u00edpad\u011b, \u017ee prod\u00e1vaj\u00edc\u00ed nespln\u00ed smluven\u00e9 podm\u00ednky dod\u00e1n\u00ed. Pokud kupuj\u00edc\u00ed zru\u0161\u00ed potvrzenou objedn\u00e1vku je povinen prod\u00e1vaj\u00edc\u00edmu uhradit \u0161kodu vzniklou t\u00edmto jedn\u00e1n\u00edm (prokazateln\u00e9 n\u00e1klady jako nap\u0159. doprava).<\/p><p>Prod\u00e1vaj\u00edc\u00ed je opr\u00e1vn\u011bn nepotvrdit - zru\u0161it objedn\u00e1vku bez ud\u00e1n\u00ed d\u016fvodu. V p\u0159\u00edpad\u011b, \u017ee nastane v\u00fdrazn\u00e1 zm\u011bna ceny u dodavatele pop\u0159. se zbo\u017e\u00ed ji\u017e nevyr\u00e1b\u00ed \u010di nedod\u00e1v\u00e1, d\u00e1le tak\u00e9 v p\u0159\u00edpad\u011b zjevn\u00e9 chyby v cen\u011b zbo\u017e\u00ed (tj. ceny zjevn\u011b jin\u00e9 ne\u017e je cena pro tento typ\/druh zbo\u017e\u00ed obvykl\u00e1). Za zjevnou chybu v cen\u011b zbo\u017e\u00ed je pova\u017eov\u00e1no nap\u0159\u00edklad myln\u00e9 uveden\u00ed prvn\u00edch t\u0159\u00ed \u010d\u00edslic na m\u00edsto \u010dty\u0159, zjevn\u011b n\u00edzk\u00e1 cena zbo\u017e\u00ed. Kupuj\u00edc\u00ed bude prod\u00e1vaj\u00edc\u00edm kontaktov\u00e1n pro up\u0159esn\u011bn\u00ed dal\u0161\u00edho postupu. Pokud kupuj\u00edc\u00ed ji\u017e zaplatil \u010d\u00e1st nebo celou kupn\u00ed cenu, bude mu tato \u010d\u00e1stka vr\u00e1cena bankovn\u00edm p\u0159evodem nebo po\u0161tovn\u00ed slo\u017eenkou na adresu v co nejkrat\u0161\u00edm term\u00ednu.<\/p><p><span data-contrast=\"none\">\u202f<\/span><span data-ccp-props=\"{\">\u00a0<\/span><\/p><ol start=\"7\"><li>Odstoupen\u00ed od smlouvy<\/li><\/ol><p>Odstoupen\u00ed od smlouvy se \u0159\u00edd\u00ed z\u00e1konem \u010d. 89\/2012 Sb., ve zn\u011bn\u00ed pozd\u011bj\u0161\u00edch p\u0159edpis\u016f ob\u010dansk\u00fdm z\u00e1kon\u00edkem v platn\u00e9m zn\u011bn\u00ed (d\u00e1le jen OZ). Z\u00e1kazn\u00edk, kter\u00fd nekupuje zbo\u017e\u00ed v r\u00e1mci sv\u00e9 obchodn\u00ed nebo jin\u00e9 podnikatelsk\u00e9 \u010dinnosti, m\u00e1 v souladu s \u00a7 1829, odst. 1. OZ pr\u00e1vo odstoupit od smlouvy do 14 dn\u016f od p\u0159evzet\u00ed zbo\u017e\u00ed. Odstoupit m\u016f\u017ee z\u00e1kazn\u00edk tak, \u017ee zbo\u017e\u00ed do z\u00e1konn\u00e9 lh\u016fty 14ti dn\u016f od p\u0159evzet\u00ed doru\u010d\u00ed zp\u011bt obchodn\u00edm \u010di doporu\u010den\u00fdm bal\u00edkem do provozovny prod\u00e1vaj\u00edc\u00edho, pop\u0159. zbo\u017e\u00ed doru\u010d\u00ed osobn\u011b. Lh\u016fta se pova\u017euje za zachovanou, pokud ode\u0161lete zbo\u017e\u00ed zp\u011bt p\u0159ed uplynut\u00edm 14 dn\u016f. P\u0159i odstoupen\u00ed je nutn\u00e9 uv\u00e9st \u010d\u00edslo da\u0148ov\u00e9ho dokladu a bankovn\u00ed \u00fa\u010det kupuj\u00edc\u00edho, na kter\u00fd lze vr\u00e1tit zaplacenou cenu zbo\u017e\u00ed, nebo jej\u00ed \u010d\u00e1st.<\/p><p>Pro \u00fa\u010dely uplatn\u011bn\u00ed pr\u00e1va na odstoupen\u00ed od smlouvy mus\u00edte o sv\u00e9m odstoupen\u00ed od smlouvy informovat formou jednostrann\u00e9ho pr\u00e1vn\u00edho jedn\u00e1n\u00ed (nap\u0159\u00edklad dopisem zaslan\u00fdm prost\u0159ednictv\u00edm provozovatele po\u0161tovn\u00edch slu\u017eeb nebo e-mailem). M\u016f\u017eete pou\u017e\u00edt p\u0159ilo\u017een\u00fd vzorov\u00fd formul\u00e1\u0159 pro odstoupen\u00ed od smlouvy, nen\u00ed to v\u0161ak Va\u0161\u00ed povinnost\u00ed.<\/p><p>Prod\u00e1vaj\u00edc\u00ed posoud\u00ed stav vr\u00e1cen\u00e9ho zbo\u017e\u00ed dle n\u00e1sleduj\u00edc\u00edch podm\u00ednek a ozn\u00e1m\u00ed kupuj\u00edc\u00edmu stav. Vr\u00e1cen\u00e9 zbo\u017e\u00ed mus\u00ed spl\u0148ovat n\u00e1sleduj\u00edc\u00ed podm\u00ednky:<\/p><p>- mus\u00ed b\u00fdt nepo\u0161kozen\u00e9<br \/>- mus\u00ed b\u00fdt kompletn\u00ed (v\u010detn\u011b p\u016fvodn\u00edho p\u0159\u00edslu\u0161enstv\u00ed, z\u00e1ru\u010dn\u00edho listu, n\u00e1vodu,\u2026)<br \/>- kupuj\u00edc\u00ed se mus\u00ed prok\u00e1zat dokladem o koupi dan\u00e9ho zbo\u017e\u00ed.<\/p><p>V opa\u010dn\u00e9m p\u0159\u00edpad\u011b m\u016f\u017ee prod\u00e1vaj\u00edc\u00ed odstoupen\u00ed od smlouvy odm\u00edtnout. Zbo\u017e\u00ed mus\u00ed b\u00fdt zasl\u00e1no doporu\u010den\u011b a poji\u0161t\u011bn\u00e9.<\/p><p>V p\u0159\u00edpad\u011b, \u017ee je zbo\u017e\u00ed \u0159\u00e1dn\u011b vr\u00e1ceno prod\u00e1vaj\u00edc\u00edmu, nebo kupuj\u00edc\u00edm nep\u0159evzato, m\u00e1 prod\u00e1vaj\u00edc\u00ed pr\u00e1vo na n\u00e1hradu skute\u010dn\u011b vynalo\u017een\u00fdch n\u00e1klad\u016f s pln\u011bn\u00edm smlouvy. P\u0159\u00edm\u00e9 n\u00e1klady spojen\u00e9 s vr\u00e1cen\u00edm zbo\u017e\u00ed nese z\u00e1kazn\u00edk.<\/p><p>Prod\u00e1vaj\u00edc\u00ed je v p\u0159\u00edpad\u011b odstoupen\u00ed povinen z\u00e1kazn\u00edkovi vr\u00e1tit do 30ti dn\u016f ji\u017e zaplacenou kupn\u00ed cenu nebo jej\u00ed \u010d\u00e1st.<\/p><p>V p\u0159\u00edpad\u011b nespln\u011bn\u00ed n\u011bkter\u00e9 z v\u00fd\u0161e uveden\u00fdch podm\u00ednek nebude prod\u00e1vaj\u00edc\u00ed akceptovat odstoupen\u00ed od spot\u0159ebitelsk\u00e9 smlouvy a zbo\u017e\u00ed bude vr\u00e1ceno na n\u00e1klady kupuj\u00edc\u00edho zp\u011bt nebo bude uschov\u00e1no v s\u00eddle prod\u00e1vaj\u00edc\u00edho. Dle z\u00e1kona je prod\u00e1vaj\u00edc\u00ed opr\u00e1vn\u011bn \u00fa\u010dtovat kupuj\u00edc\u00edmu skute\u010dn\u00e9 a dolo\u017eiteln\u00e9 n\u00e1klady spojen\u00e9 s vr\u00e1cen\u00edm zbo\u017e\u00ed.<\/p><p><span data-contrast=\"none\">\u202f<\/span><span data-ccp-props=\"{\">\u00a0<\/span><\/p><ol start=\"8\"><li>Dal\u0161\u00ed pr\u00e1va a povinnosti smluvn\u00edch stran<\/li><\/ol><p>Kupuj\u00edc\u00ed nab\u00fdv\u00e1 vlastnictv\u00ed ke zbo\u017e\u00ed zaplacen\u00edm cel\u00e9 kupn\u00ed ceny zbo\u017e\u00ed.<\/p><p>Prod\u00e1vaj\u00edc\u00ed nen\u00ed ve vztahu ke kupuj\u00edc\u00edmu v\u00e1z\u00e1n \u017e\u00e1dn\u00fdmi kodexy chov\u00e1n\u00ed ve smyslu ustanoven\u00ed \u00a7 1826 odst. 1 p\u00edsm. e) ob\u010dansk\u00e9ho z\u00e1kon\u00edku.<\/p><p>Prod\u00e1vaj\u00edc\u00ed je opr\u00e1vn\u011bn k prodeji zbo\u017e\u00ed na z\u00e1klad\u011b \u017eivnostensk\u00e9ho opr\u00e1vn\u011bn\u00ed. \u017divnostenskou kontrolu prov\u00e1d\u00ed v r\u00e1mci sv\u00e9 p\u016fsobnosti p\u0159\u00edslu\u0161n\u00fd \u017eivnostensk\u00fd \u00fa\u0159ad. Dozor nad oblast\u00ed ochrany osobn\u00edch \u00fadaj\u016f vykon\u00e1v\u00e1 \u00da\u0159ad pro ochranu osobn\u00edch \u00fadaj\u016f. \u010cesk\u00e1 obchodn\u00ed inspekce vykon\u00e1v\u00e1 ve vymezen\u00e9m rozsahu mimo jin\u00e9 dozor nad dodr\u017eov\u00e1n\u00edm z\u00e1kona \u010d. 634\/1992 Sb., o ochran\u011b spot\u0159ebitele, ve zn\u011bn\u00ed pozd\u011bj\u0161\u00edch p\u0159edpis\u016f.<\/p><p>Kupuj\u00edc\u00ed t\u00edmto p\u0159eb\u00edr\u00e1 na sebe nebezpe\u010d\u00ed zm\u011bny okolnost\u00ed ve smyslu \u00a7 1765 odst. 2 ob\u010dansk\u00e9ho z\u00e1kon\u00edku.<\/p><p><span data-contrast=\"none\">\u202f<\/span><span data-ccp-props=\"{\">\u00a0<\/span><\/p><ol start=\"9\"><li>Ochrana osobn\u00edch dat<\/li><\/ol><p>Provozovatel internetov\u00e9ho obchodu www.gjartshop.com, se zavazuje a prohla\u0161uje, \u017ee nebude sv\u011b\u0159en\u00e1 osobn\u00ed data z\u00e1kazn\u00edka poskytovat jak\u00e9koliv t\u0159et\u00ed stran\u011b bez p\u0159edchoz\u00edho souhlasu z\u00e1kazn\u00edka (v\u00fdjimku tvo\u0159\u00ed dodavatelsk\u00e1 slu\u017eba, kter\u00e1 data pot\u0159ebuje za \u00fa\u010delem doru\u010den\u00ed z\u00e1silky). \u00dadaje kupuj\u00edc\u00edho jsou ukl\u00e1d\u00e1ny do datab\u00e1ze, aby se p\u0159i ka\u017ed\u00e9m n\u00e1kupu nemusel znovu registrovat. Tato data m\u016f\u017ee prod\u00e1vaj\u00edc\u00ed na p\u0159\u00e1n\u00ed kupuj\u00edc\u00edho kdykoliv bez ud\u00e1n\u00ed d\u016fvodu z datab\u00e1ze vymazat.<\/p><ol start=\"10\"><li>Z\u00e1ru\u010dn\u00ed podm\u00ednky<\/li><\/ol><p>Z\u00e1ru\u010dn\u00ed podm\u00ednky na zbo\u017e\u00ed je poskytov\u00e1no dle obecn\u011b platn\u00fdch pr\u00e1vn\u00edch p\u0159edpis\u016f. \nZ\u00e1ruka se nevztahuje na \u0161kody zp\u016fsoben\u00e9 mechanick\u00fdm po\u0161kozen\u00edm, neodborn\u00fdm zach\u00e1zen\u00edm a \u017eivelnou pohromou.<\/p><ol start=\"11\"><li>Reklamace<\/li><\/ol><p>Za okam\u017eik uplatn\u011bn\u00ed reklamace se pova\u017euje okam\u017eik, kdy prod\u00e1vaj\u00edc\u00ed obdr\u017eel od kupuj\u00edc\u00edho reklamovan\u00e9 zbo\u017e\u00ed.<\/p><p>O reklamaci dodavatel rozhodne ihned, ve slo\u017eit\u00fdch p\u0159\u00edpadech do 3 pracovn\u00edch dn\u016f. Do t\u00e9to lh\u016fty se nezapo\u010d\u00edt\u00e1v\u00e1 doba p\u0159im\u011b\u0159en\u00e1 podle druhu v\u00fdrobku \u010di slu\u017eby pot\u0159ebn\u00e1 k odborn\u00e9mu posouzen\u00ed vady. Reklamace v\u010detn\u011b vady bude vy\u0159\u00edzena bez zbyte\u010dn\u00e9ho odkladu, nejpozd\u011bji do t\u0159iceti (30) kalend\u00e1\u0159n\u00edch dn\u016f ode dne uplatn\u011bn\u00ed reklamace, pokud se dodavatel s kupuj\u00edc\u00edm spot\u0159ebitelem nedohodne jinak. \nPo uplynut\u00ed t\u00e9to lh\u016fty m\u00e1 spot\u0159ebitel stejn\u00e1 pr\u00e1va, jako by se jednalo o vadu, kterou nelze odstranit. Pr\u00e1va z odpov\u011bdnosti za vady se uplat\u0148uj\u00ed u dodavatele, u kter\u00e9ho byla v\u011bc zakoupena.<\/p><p>V p\u0159\u00edpad\u011b zjevn\u011b neopr\u00e1vn\u011bn\u00e9 reklamace nem\u00e1 spot\u0159ebitel n\u00e1rok na n\u00e1hradu sv\u00fdch n\u00e1klad\u016f spojen\u00fdch s vy\u0159\u00edzen\u00edm reklamace a sou\u010dasn\u011b ani dodavatel nem\u00e1 n\u00e1rok na n\u00e1hradu n\u00e1klad\u016f, kter\u00e9 vznikly na jeho stran\u011b (pokud se ze strany spot\u0159ebitele nejednalo nap\u0159. o opakovanou zjevn\u011b bezd\u016fvodnou reklamaci, u kter\u00e9 se ji\u017e d\u00e1 dovozovat, \u017ee se z jeho strany jednalo o zneu\u017eit\u00ed pr\u00e1v).<\/p><p>P\u0159i reklamaci je nutno p\u0159edlo\u017eit:<\/p><p>- doklad o n\u00e1kupu<br \/>- p\u0159esn\u00fd popis z\u00e1vady.<span data-contrast=\"none\">\u202f<\/span><span data-ccp-props=\"{\">\u00a0<\/span><\/p><ol start=\"12\"><li>Z\u00e1v\u011bre\u010dn\u00e9 ustanoven\u00ed<\/li><\/ol><p>Tyto v\u0161eobecn\u00e9 obchodn\u00ed podm\u00ednky jsou platn\u00e9 od 1.08.2020.<\/p><p>V situac\u00edch, kter\u00e9 neupravuj\u00ed tyto obchodn\u00ed podm\u00ednky se vztah kupuj\u00edc\u00edho a prod\u00e1vaj\u00edc\u00edho \u0159\u00edd\u00ed platn\u00fdmi pr\u00e1vn\u00edmi \u00fapravami, p\u0159edev\u0161\u00edm ob\u010dansk\u00fdm a obchodn\u00edm z\u00e1kon\u00edkem. Prod\u00e1vaj\u00edc\u00ed si vyhrazuje pr\u00e1vo zm\u011bnit tyto V\u0161eobecn\u00e9 obchodn\u00ed podm\u00ednky bez p\u0159edchoz\u00edho upozorn\u011bn\u00ed.<\/p><p><span data-ccp-props=\"{\">\u00a0<\/span><\/p><p><span data-ccp-props=\"{}\">\u00a0<\/span><\/p>\t\t\t\t\t\t\t\t<\/div>\n\t\t\t\t<\/div>\n\t\t\t\t\t<\/div>\n\t\t<\/div>\n\t\t\t\t\t<\/div>\n\t\t<\/section>\n\t\t\t\t<\/div>","protected":false},"excerpt":{"rendered":"<p>General Terms and Conditions Basic Provision These Terms and Conditions regulate the supplier-customer relations arising from the sale of Goods in the online store under&hellip;<\/p>","protected":false},"author":1,"featured_media":0,"parent":0,"menu_order":0,"comment_status":"closed","ping_status":"closed","template":"","meta":{"_acf_changed":false,"footnotes":""},"class_list":["post-2648","page","type-page","status-publish","hentry"],"acf":[],"aioseo_notices":[],"_links":{"self":[{"href":"https:\/\/gjartshop.com\/cs\/wp-json\/wp\/v2\/pages\/2648","targetHints":{"allow":["GET"]}}],"collection":[{"href":"https:\/\/gjartshop.com\/cs\/wp-json\/wp\/v2\/pages"}],"about":[{"href":"https:\/\/gjartshop.com\/cs\/wp-json\/wp\/v2\/types\/page"}],"author":[{"embeddable":true,"href":"https:\/\/gjartshop.com\/cs\/wp-json\/wp\/v2\/users\/1"}],"replies":[{"embeddable":true,"href":"https:\/\/gjartshop.com\/cs\/wp-json\/wp\/v2\/comments?post=2648"}],"version-history":[{"count":22,"href":"https:\/\/gjartshop.com\/cs\/wp-json\/wp\/v2\/pages\/2648\/revisions"}],"predecessor-version":[{"id":6418,"href":"https:\/\/gjartshop.com\/cs\/wp-json\/wp\/v2\/pages\/2648\/revisions\/6418"}],"wp:attachment":[{"href":"https:\/\/gjartshop.com\/cs\/wp-json\/wp\/v2\/media?parent=2648"}],"curies":[{"name":"wp","href":"https:\/\/api.w.org\/{rel}","templated":true}]}}