{"id":5919,"date":"2022-09-01T06:34:29","date_gmt":"2022-09-01T06:34:29","guid":{"rendered":"https:\/\/gjartshop.com\/?page_id=5919"},"modified":"2022-09-08T08:22:42","modified_gmt":"2022-09-08T08:22:42","slug":"alexandr-onishenko","status":"publish","type":"page","link":"https:\/\/gjartshop.com\/cs\/alexandr-onishenko\/","title":{"rendered":"Alexandr Onishenko"},"content":{"rendered":"<div data-elementor-type=\"wp-page\" data-elementor-id=\"5919\" class=\"elementor elementor-5919\" data-elementor-post-type=\"page\">\n\t\t\t\t\t\t<section class=\"elementor-section elementor-top-section elementor-element elementor-element-357f6a5 elementor-section-boxed elementor-section-height-default elementor-section-height-default\" data-id=\"357f6a5\" data-element_type=\"section\" data-e-type=\"section\">\n\t\t\t\t\t\t<div class=\"elementor-container elementor-column-gap-default\">\n\t\t\t\t\t<div class=\"elementor-column elementor-col-100 elementor-top-column elementor-element elementor-element-18dddee\" data-id=\"18dddee\" data-element_type=\"column\" data-e-type=\"column\">\n\t\t\t<div class=\"elementor-widget-wrap elementor-element-populated\">\n\t\t\t\t\t\t<div class=\"elementor-element elementor-element-ff0ae3a elementor-widget elementor-widget-html\" data-id=\"ff0ae3a\" data-element_type=\"widget\" data-e-type=\"widget\" data-widget_type=\"html.default\">\n\t\t\t\t<div class=\"elementor-widget-container\">\n\t\t\t\t\t<div class=\"c-about-author\">\r\n                <div class=\"c-about-author__inner\">\r\n\r\n                  <h1 class=\"c-about-author__title\">\r\n                    Alexandr Onishenko\r\n                  <\/h1>\r\n                  <div class=\"c-about-author__box\">\r\n                    <div class=\"c-about-author__img\">\r\n                      <img decoding=\"async\" src=\"\/wp-content\/uploads\/2022\/09\/author.jpg\" alt=\"Alexandr Onishenko photo\">\r\n                    <\/div>\r\n                    <div class=\"c-about-author__descr  js-about-author-descr\">\r\n\r\n\r\n                      <div class=\"c-about-author__descr-text\">\r\n                        <p>Alexandr Onishenko is recognized around the world as an expressive and sensitive artist, by\r\n                          his unique Black Canvas technique.<\/p>\r\n                        <p>One of the most successful artists in the Czech Republic came to this country with few\r\n                          possessions and began selling his work, alongside with artists on the Charles Bridge.<\/p>\r\n                        <p>Alexandr Onishenko, Ukrainian by birth, was not there long. The quality of his work shone out\r\n                          he was offered exhibitions not just in this country but also in Germany, France, Spain, U.K.,\r\n                          USA etc.<\/p>\r\n                        <p>Onishenko quickly went on to open his own gallery where you can see his new impressionist\r\n                          paintings.<\/p>\r\n                        <p>He breathes life into even inanimate objects giving them a vibrancy and personality of their\r\n                          own. One can explore his landscapes, see around corners in his forests, fly with his birds,\r\n                          gallop with horses, explore Gothic courtyards or soar with him over the rooftops of Prague.\r\n                          Onishenko\u2019s paintings are full of energy and, although impressionist in style, rich in detail.\r\n                          His are not one-dimensional canvases, one can return to them again and again, each time\r\n                          discovering new depths, and hidden secrets.<\/p>\r\n                      <\/div>\r\n                      <span class=\"c-about-author__descr-more js-about-author-more\">Show all text<\/span>\r\n                    <\/div>\r\n                  <\/div>\r\n                <\/div>\r\n              <\/div>\t\t\t\t<\/div>\n\t\t\t\t<\/div>\n\t\t\t\t\t<\/div>\n\t\t<\/div>\n\t\t\t\t\t<\/div>\n\t\t<\/section>\n\t\t\t\t<section class=\"elementor-section elementor-top-section elementor-element elementor-element-981f785 elementor-section-boxed elementor-section-height-default elementor-section-height-default\" data-id=\"981f785\" data-element_type=\"section\" data-e-type=\"section\">\n\t\t\t\t\t\t<div class=\"elementor-container elementor-column-gap-default\">\n\t\t\t\t\t<div class=\"elementor-column elementor-col-100 elementor-top-column elementor-element elementor-element-a8f2333\" data-id=\"a8f2333\" data-element_type=\"column\" data-e-type=\"column\">\n\t\t\t<div class=\"elementor-widget-wrap elementor-element-populated\">\n\t\t\t\t\t\t<div class=\"elementor-element elementor-element-ff79d59 elementor-widget elementor-widget-shortcode\" data-id=\"ff79d59\" data-element_type=\"widget\" data-e-type=\"widget\" data-widget_type=\"shortcode.default\">\n\t\t\t\t<div class=\"elementor-widget-container\">\n\t\t\t\t\t  <div class=\"c-cloud-tag\">\n    <ul class=\"c-cloud-tag__list js-cloud-list\">\n      <li class=\"c-cloud-tag__item\"><a class=\"c-cloud-tag__item-link\" href=\"https:\/\/gjartshop.com\/cs\/kategorie-produktu\/bestsellers\/\"><span class=\"c-cloud-tag__name\">BESTSELLERY<\/span><p class=\"c-cloud-tag__item-descr\"><\/p><\/a><\/li>\n<li class=\"c-cloud-tag__item\"><a class=\"c-cloud-tag__item-link\" href=\"https:\/\/gjartshop.com\/cs\/kategorie-produktu\/collections\/\"><span class=\"c-cloud-tag__name\">KOLEKCE<\/span><p class=\"c-cloud-tag__item-descr\"><\/p><\/a><\/li>\n<li class=\"c-cloud-tag__item\"><a class=\"c-cloud-tag__item-link\" href=\"https:\/\/gjartshop.com\/cs\/kategorie-produktu\/new-arrivals\/\"><span class=\"c-cloud-tag__name\">NOVINKY<\/span><p class=\"c-cloud-tag__item-descr\"><\/p><\/a><\/li>\n<li class=\"c-cloud-tag__item\"><a class=\"c-cloud-tag__item-link\" href=\"https:\/\/gjartshop.com\/cs\/kategorie-produktu\/autumn\/\"><span class=\"c-cloud-tag__name\">PODZIM<\/span><p class=\"c-cloud-tag__item-descr\"><\/p><\/a><\/li>\n<li class=\"c-cloud-tag__item\"><a class=\"c-cloud-tag__item-link\" href=\"https:\/\/gjartshop.com\/cs\/kategorie-produktu\/boats\/\"><span class=\"c-cloud-tag__name\">LOD\u011a<\/span><p class=\"c-cloud-tag__item-descr\"><\/p><\/a><\/li>\n<li class=\"c-cloud-tag__item\"><a class=\"c-cloud-tag__item-link\" href=\"https:\/\/gjartshop.com\/cs\/kategorie-produktu\/flowers\/\"><span class=\"c-cloud-tag__name\">KV\u011aTINY<\/span><p class=\"c-cloud-tag__item-descr\"><\/p><\/a><\/li>\n<li class=\"c-cloud-tag__item\"><a class=\"c-cloud-tag__item-link\" href=\"https:\/\/gjartshop.com\/cs\/kategorie-produktu\/nature\/\"><span class=\"c-cloud-tag__name\">P\u0158\u00cdRODA<\/span><p class=\"c-cloud-tag__item-descr\">testC<\/p><\/a><\/li>\n<li class=\"c-cloud-tag__item\"><a class=\"c-cloud-tag__item-link\" href=\"https:\/\/gjartshop.com\/cs\/kategorie-produktu\/prague\/\"><span class=\"c-cloud-tag__name\">Praha<\/span><p class=\"c-cloud-tag__item-descr\"><\/p><\/a><\/li>\n<li class=\"c-cloud-tag__item\"><a class=\"c-cloud-tag__item-link\" href=\"https:\/\/gjartshop.com\/cs\/kategorie-produktu\/summer\/\"><span class=\"c-cloud-tag__name\">L\u00c9TO<\/span><p class=\"c-cloud-tag__item-descr\"><\/p><\/a><\/li>\n<li class=\"c-cloud-tag__item\"><a class=\"c-cloud-tag__item-link\" href=\"https:\/\/gjartshop.com\/cs\/kategorie-produktu\/water\/\"><span class=\"c-cloud-tag__name\">VODA<\/span><p class=\"c-cloud-tag__item-descr\"><\/p><\/a><\/li>\n<li class=\"c-cloud-tag__item\"><a class=\"c-cloud-tag__item-link\" href=\"https:\/\/gjartshop.com\/cs\/kategorie-produktu\/winter\/\"><span class=\"c-cloud-tag__name\">ZIMA<\/span><p class=\"c-cloud-tag__item-descr\"><\/p><\/a><\/li>\n<li class=\"c-cloud-tag__item\"><a class=\"c-cloud-tag__item-link\" href=\"https:\/\/gjartshop.com\/cs\/kategorie-produktu\/forest\/\"><span class=\"c-cloud-tag__name\">FOREST<\/span><p class=\"c-cloud-tag__item-descr\"><\/p><\/a><\/li>\n<li class=\"c-cloud-tag__item\"><a class=\"c-cloud-tag__item-link\" href=\"https:\/\/gjartshop.com\/cs\/kategorie-produktu\/trees\/\"><span class=\"c-cloud-tag__name\">PAINTINGS OF TREES<\/span><p class=\"c-cloud-tag__item-descr\"><\/p><\/a><\/li>\n<li class=\"c-cloud-tag__item\"><a class=\"c-cloud-tag__item-link\" href=\"https:\/\/gjartshop.com\/cs\/kategorie-produktu\/cities\/\"><span class=\"c-cloud-tag__name\">PAINTINGS OF CITIES<\/span><p class=\"c-cloud-tag__item-descr\"><\/p><\/a><\/li>\n<li class=\"c-cloud-tag__item\"><a class=\"c-cloud-tag__item-link\" href=\"https:\/\/gjartshop.com\/cs\/kategorie-produktu\/people\/\"><span class=\"c-cloud-tag__name\">PEOPLE<\/span><p class=\"c-cloud-tag__item-descr\"><\/p><\/a><\/li>\n<li class=\"c-cloud-tag__item\"><a class=\"c-cloud-tag__item-link\" href=\"https:\/\/gjartshop.com\/cs\/kategorie-produktu\/men\/\"><span class=\"c-cloud-tag__name\">MEN<\/span><p class=\"c-cloud-tag__item-descr\"><\/p><\/a><\/li>\n<li class=\"c-cloud-tag__item\"><a class=\"c-cloud-tag__item-link\" href=\"https:\/\/gjartshop.com\/cs\/kategorie-produktu\/sunflower\/\"><span class=\"c-cloud-tag__name\">SUNFLOWER<\/span><p class=\"c-cloud-tag__item-descr\"><\/p><\/a><\/li>\n<li class=\"c-cloud-tag__item\"><a class=\"c-cloud-tag__item-link\" href=\"https:\/\/gjartshop.com\/cs\/kategorie-produktu\/birds\/\"><span class=\"c-cloud-tag__name\">BIRDS<\/span><p class=\"c-cloud-tag__item-descr\"><\/p><\/a><\/li>\n<li class=\"c-cloud-tag__item\"><a class=\"c-cloud-tag__item-link\" href=\"https:\/\/gjartshop.com\/cs\/kategorie-produktu\/clouds\/\"><span class=\"c-cloud-tag__name\">CLOUDS<\/span><p class=\"c-cloud-tag__item-descr\"><\/p><\/a><\/li>\n<li class=\"c-cloud-tag__item\"><a class=\"c-cloud-tag__item-link\" href=\"https:\/\/gjartshop.com\/cs\/kategorie-produktu\/women\/\"><span class=\"c-cloud-tag__name\">WOMEN<\/span><p class=\"c-cloud-tag__item-descr\"><\/p><\/a><\/li>\n<li class=\"c-cloud-tag__item\"><a class=\"c-cloud-tag__item-link\" href=\"https:\/\/gjartshop.com\/cs\/kategorie-produktu\/still-life\/\"><span class=\"c-cloud-tag__name\">STILL LIFE<\/span><p class=\"c-cloud-tag__item-descr\"><\/p><\/a><\/li>\n<li class=\"c-cloud-tag__item\"><a class=\"c-cloud-tag__item-link\" href=\"https:\/\/gjartshop.com\/cs\/kategorie-produktu\/places\/\"><span class=\"c-cloud-tag__name\">PLACES<\/span><p class=\"c-cloud-tag__item-descr\"><\/p><\/a><\/li>\n    <\/ul>\n\n    <button class=\"c-cloud-tag__btn-more js-cloud-btn-more\">Show all<\/button>\n  \t\t<div class=\"elementor-shortcode\"><\/div>\n\t\t\t\t\t\t<\/div>\n\t\t\t\t<\/div>\n\t\t\t\t\t<\/div>\n\t\t<\/div>\n\t\t\t\t\t<\/div>\n\t\t<\/section>\n\t\t\t\t<section class=\"elementor-section elementor-top-section elementor-element elementor-element-79e092e elementor-section-full_width elementor-section-height-default elementor-section-height-default\" data-id=\"79e092e\" data-element_type=\"section\" data-e-type=\"section\">\n\t\t\t\t\t\t<div class=\"elementor-container elementor-column-gap-default\">\n\t\t\t\t\t<div class=\"elementor-column elementor-col-100 elementor-top-column elementor-element elementor-element-49a4884\" data-id=\"49a4884\" data-element_type=\"column\" data-e-type=\"column\">\n\t\t\t<div class=\"elementor-widget-wrap elementor-element-populated\">\n\t\t\t\t\t\t<div class=\"elementor-element elementor-element-13b8438 elementor-widget elementor-widget-shortcode\" data-id=\"13b8438\" data-element_type=\"widget\" data-e-type=\"widget\" data-widget_type=\"shortcode.default\">\n\t\t\t\t<div class=\"elementor-widget-container\">\n\t\t\t\t\t\t\t<div class=\"elementor-shortcode\"><div class=\"woocommerce columns-3\">\n\n\n<ul class=\"products customify-grid-3_md-3_sm-2_xs-1 wc-grid-view\">\n<li \nclass=\"customify-col product-has-gallery product type-product post-2808 status-publish first instock product_cat-bestsellers product_cat-collections product_cat-cities has-post-thumbnail shipping-taxable purchasable product-type-variable\">\n\t<div class=\"wc-product-inner c-card js-product\">\n\t<div class=\"wc-product-media\"><a href=\"https:\/\/gjartshop.com\/cs\/produkt\/006-cesky-krumlov\/\" class=\"woocommerce-LoopProduct-link woocommerce-loop-product__link\"><img fetchpriority=\"high\" decoding=\"async\" width=\"300\" height=\"300\" src=\"https:\/\/gjartshop.com\/wp-content\/uploads\/2020\/08\/006-01-300x300.jpg\" class=\"attachment-woocommerce_thumbnail size-woocommerce_thumbnail\" alt=\"006 - \u010cesk\u00fd Krumlov\" srcset=\"https:\/\/gjartshop.com\/wp-content\/uploads\/2020\/08\/006-01-300x300.jpg 300w, https:\/\/gjartshop.com\/wp-content\/uploads\/2020\/08\/006-01-100x100.jpg 100w, https:\/\/gjartshop.com\/wp-content\/uploads\/2020\/08\/006-01-150x150.jpg 150w, https:\/\/gjartshop.com\/wp-content\/uploads\/2020\/08\/006-01-12x12.jpg 12w\" sizes=\"(max-width: 300px) 100vw, 300px\" \/><img decoding=\"async\" width=\"300\" height=\"300\" src=\"https:\/\/gjartshop.com\/wp-content\/uploads\/2020\/06\/006-C\u00a6\u041cesky\u00a6\u0411-Krumlov-2-300x300.jpg\" class=\"attachment-shop_catalog secondary-image image-transition\" alt=\"\" srcset=\"https:\/\/gjartshop.com\/wp-content\/uploads\/2020\/06\/006-C\u00a6\u041cesky\u00a6\u0411-Krumlov-2-300x300.jpg 300w, https:\/\/gjartshop.com\/wp-content\/uploads\/2020\/06\/006-C\u00a6\u041cesky\u00a6\u0411-Krumlov-2-100x100.jpg 100w, https:\/\/gjartshop.com\/wp-content\/uploads\/2020\/06\/006-C\u00a6\u041cesky\u00a6\u0411-Krumlov-2-150x150.jpg 150w\" sizes=\"(max-width: 300px) 100vw, 300px\" \/><\/a><\/div><div class=\"wc-product-contents\"><a href=\"https:\/\/gjartshop.com\/cs\/produkt\/006-cesky-krumlov\/\" class=\"woocommerce-LoopProduct-link woocommerce-loop-product__link\"><div class=\"b-row-main\"><div class=\"b-col col-left\"><div class=\"wc-product__part wc-product__category show-in-grid show-in-list\"><a class=\"text-uppercase text-xsmall link-meta\" href=\"https:\/\/gjartshop.com\/cs\/kategorie-produktu\/bestsellers\/\" rel=\"tag\">BESTSELLERY<\/a><\/div><div class=\"wc-product__part wc-product__title show-in-grid show-in-list\"><img fetchpriority=\"high\" decoding=\"async\" width=\"300\" height=\"300\" src=\"https:\/\/gjartshop.com\/wp-content\/uploads\/2020\/08\/006-01-300x300.jpg\" class=\"attachment-woocommerce_thumbnail size-woocommerce_thumbnail\" alt=\"006 - \u010cesk\u00fd Krumlov\" srcset=\"https:\/\/gjartshop.com\/wp-content\/uploads\/2020\/08\/006-01-300x300.jpg 300w, https:\/\/gjartshop.com\/wp-content\/uploads\/2020\/08\/006-01-100x100.jpg 100w, https:\/\/gjartshop.com\/wp-content\/uploads\/2020\/08\/006-01-150x150.jpg 150w, https:\/\/gjartshop.com\/wp-content\/uploads\/2020\/08\/006-01-12x12.jpg 12w\" sizes=\"(max-width: 300px) 100vw, 300px\" \/><div class=\"woocommerce-loop-product__title\"><a href=\"https:\/\/gjartshop.com\/cs\/produkt\/006-cesky-krumlov\/\" class=\"woocommerce-LoopProduct-link woocommerce-loop-product__link\">006 \u2013 \u010cesk\u00fd Krumlov<\/a><\/div>\n\t<span class=\"price\"><span class=\"woocommerce-Price-amount amount\" aria-hidden=\"true\"><bdi><span class=\"woocommerce-Price-currencySymbol\">K\u010d<\/span>2500,00<\/bdi><\/span> <span aria-hidden=\"true\">&ndash;<\/span> <span class=\"woocommerce-Price-amount amount\" aria-hidden=\"true\"><bdi><span class=\"woocommerce-Price-currencySymbol\">K\u010d<\/span>5800,00<\/bdi><\/span><span class=\"screen-reader-text\" data-no-translation=\"\" data-trp-gettext=\"\">Rozp\u011bt\u00ed cen: K\u010d2500,00 a\u017e K\u010d5800,00<\/span><\/span>\n<\/div><div class=\"wc-product__part wc-product__price show-in-grid show-in-list\">\n\t<span class=\"price\"><span class=\"woocommerce-Price-amount amount\" aria-hidden=\"true\"><bdi><span class=\"woocommerce-Price-currencySymbol\">K\u010d<\/span>2500,00<\/bdi><\/span> <span aria-hidden=\"true\">&ndash;<\/span> <span class=\"woocommerce-Price-amount amount\" aria-hidden=\"true\"><bdi><span class=\"woocommerce-Price-currencySymbol\">K\u010d<\/span>5800,00<\/bdi><\/span><span class=\"screen-reader-text\" data-no-translation=\"\" data-trp-gettext=\"\">Rozp\u011bt\u00ed cen: K\u010d2500,00 a\u017e K\u010d5800,00<\/span><\/span>\n<\/div><div class=\"wc-product__part wc-product__description hide-in-grid show-in-list\"><div class=\"woocommerce-loop-product__desc\"><p>Gicl\u00e9e Prints on Canvas are first printed on a real cotton canvas, then painted over by Alexandr Onishenko with transparent gel which creates effect resembling&hellip;<\/p>\n<\/div><\/div><div class=\"wc-product__part wc-product__add_to_cart show-in-grid show-in-list\"><a rel=\"dofollow\" href=\"https:\/\/gjartshop.com\/cs\/produkt\/006-cesky-krumlov\/\" data-quantity=\"1\" data-product_id=\"2808\" data-product_sku=\"006\" class=\"button\">E-shop<\/a><\/div><\/div><\/div><\/a><a rel=\"dofollow\" href=\"https:\/\/gjartshop.com\/cs\/produkt\/006-cesky-krumlov\/\" data-quantity=\"1\" data-product_id=\"2808\" data-product_sku=\"006\" class=\"button\">E-shop<\/a><\/div>\t<\/div>\n<\/li>\n<li \nclass=\"customify-col product-has-gallery product type-product post-3310 status-publish instock product_cat-men product_cat-new-arrivals has-post-thumbnail shipping-taxable purchasable product-type-variable\">\n\t<div class=\"wc-product-inner c-card js-product\">\n\t<div class=\"wc-product-media\"><a href=\"https:\/\/gjartshop.com\/cs\/produkt\/1038-busy-countryside-road\/\" class=\"woocommerce-LoopProduct-link woocommerce-loop-product__link\"><img decoding=\"async\" width=\"300\" height=\"300\" src=\"https:\/\/gjartshop.com\/wp-content\/uploads\/2020\/08\/552-300x300.jpg\" class=\"attachment-woocommerce_thumbnail size-woocommerce_thumbnail\" alt=\"1038 - Busy Countryside Road\" srcset=\"https:\/\/gjartshop.com\/wp-content\/uploads\/2020\/08\/552-300x300.jpg 300w, https:\/\/gjartshop.com\/wp-content\/uploads\/2020\/08\/552-100x100.jpg 100w, https:\/\/gjartshop.com\/wp-content\/uploads\/2020\/08\/552-150x150.jpg 150w\" sizes=\"(max-width: 300px) 100vw, 300px\" \/><img loading=\"lazy\" decoding=\"async\" width=\"300\" height=\"300\" src=\"https:\/\/gjartshop.com\/wp-content\/uploads\/2020\/08\/IMG_2199-300x300.jpg\" class=\"attachment-shop_catalog secondary-image image-transition\" alt=\"\" srcset=\"https:\/\/gjartshop.com\/wp-content\/uploads\/2020\/08\/IMG_2199-300x300.jpg 300w, https:\/\/gjartshop.com\/wp-content\/uploads\/2020\/08\/IMG_2199-100x100.jpg 100w, https:\/\/gjartshop.com\/wp-content\/uploads\/2020\/08\/IMG_2199-150x150.jpg 150w\" sizes=\"(max-width: 300px) 100vw, 300px\" \/><\/a><\/div><div class=\"wc-product-contents\"><a href=\"https:\/\/gjartshop.com\/cs\/produkt\/1038-busy-countryside-road\/\" class=\"woocommerce-LoopProduct-link woocommerce-loop-product__link\"><div class=\"b-row-main\"><div class=\"b-col col-left\"><div class=\"wc-product__part wc-product__category show-in-grid show-in-list\"><a class=\"text-uppercase text-xsmall link-meta\" href=\"https:\/\/gjartshop.com\/cs\/kategorie-produktu\/men\/\" rel=\"tag\">MEN<\/a><\/div><div class=\"wc-product__part wc-product__title show-in-grid show-in-list\"><img decoding=\"async\" width=\"300\" height=\"300\" src=\"https:\/\/gjartshop.com\/wp-content\/uploads\/2020\/08\/552-300x300.jpg\" class=\"attachment-woocommerce_thumbnail size-woocommerce_thumbnail\" alt=\"1038 - Busy Countryside Road\" srcset=\"https:\/\/gjartshop.com\/wp-content\/uploads\/2020\/08\/552-300x300.jpg 300w, https:\/\/gjartshop.com\/wp-content\/uploads\/2020\/08\/552-100x100.jpg 100w, https:\/\/gjartshop.com\/wp-content\/uploads\/2020\/08\/552-150x150.jpg 150w\" sizes=\"(max-width: 300px) 100vw, 300px\" \/><div class=\"woocommerce-loop-product__title\"><a href=\"https:\/\/gjartshop.com\/cs\/produkt\/1038-busy-countryside-road\/\" class=\"woocommerce-LoopProduct-link woocommerce-loop-product__link\">1038 \u2013 Ru\u0161n\u00e1 venkovsk\u00e1 cesta<\/a><\/div>\n\t<span class=\"price\"><span class=\"woocommerce-Price-amount amount\" aria-hidden=\"true\"><bdi><span class=\"woocommerce-Price-currencySymbol\">K\u010d<\/span>2500,00<\/bdi><\/span> <span aria-hidden=\"true\">&ndash;<\/span> <span class=\"woocommerce-Price-amount amount\" aria-hidden=\"true\"><bdi><span class=\"woocommerce-Price-currencySymbol\">K\u010d<\/span>5800,00<\/bdi><\/span><span class=\"screen-reader-text\" data-no-translation=\"\" data-trp-gettext=\"\">Rozp\u011bt\u00ed cen: K\u010d2500,00 a\u017e K\u010d5800,00<\/span><\/span>\n<\/div><div class=\"wc-product__part wc-product__price show-in-grid show-in-list\">\n\t<span class=\"price\"><span class=\"woocommerce-Price-amount amount\" aria-hidden=\"true\"><bdi><span class=\"woocommerce-Price-currencySymbol\">K\u010d<\/span>2500,00<\/bdi><\/span> <span aria-hidden=\"true\">&ndash;<\/span> <span class=\"woocommerce-Price-amount amount\" aria-hidden=\"true\"><bdi><span class=\"woocommerce-Price-currencySymbol\">K\u010d<\/span>5800,00<\/bdi><\/span><span class=\"screen-reader-text\" data-no-translation=\"\" data-trp-gettext=\"\">Rozp\u011bt\u00ed cen: K\u010d2500,00 a\u017e K\u010d5800,00<\/span><\/span>\n<\/div><div class=\"wc-product__part wc-product__description hide-in-grid show-in-list\"><div class=\"woocommerce-loop-product__desc\"><p>Gicl\u00e9e Prints on Canvas are first printed on a real cotton canvas, then painted over by Alexandr Onishenko with transparent gel which creates effect resembling&hellip;<\/p>\n<\/div><\/div><div class=\"wc-product__part wc-product__add_to_cart show-in-grid show-in-list\"><a rel=\"dofollow\" href=\"https:\/\/gjartshop.com\/cs\/produkt\/1038-busy-countryside-road\/\" data-quantity=\"1\" data-product_id=\"3310\" data-product_sku=\"1038\" class=\"button\">E-shop<\/a><\/div><\/div><\/div><\/a><a rel=\"dofollow\" href=\"https:\/\/gjartshop.com\/cs\/produkt\/1038-busy-countryside-road\/\" data-quantity=\"1\" data-product_id=\"3310\" data-product_sku=\"1038\" class=\"button\">E-shop<\/a><\/div>\t<\/div>\n<\/li>\n<\/ul>\n<\/div>\n<a href=\"\/cs\/shop\/\" class=\"c-cloud-tag__btn-more c-cloud-tag__btn-more--link\">Show all<\/a><\/div>\n\t\t\t\t\t\t<\/div>\n\t\t\t\t<\/div>\n\t\t\t\t\t<\/div>\n\t\t<\/div>\n\t\t\t\t\t<\/div>\n\t\t<\/section>\n\t\t\t\t<\/div>","protected":false},"excerpt":{"rendered":"<p>Alexandr Onishenko Alexandr Onishenko is recognized around the world as an expressive and sensitive artist, by his unique Black Canvas technique. One of the most&hellip;<\/p>","protected":false},"author":1,"featured_media":0,"parent":0,"menu_order":0,"comment_status":"closed","ping_status":"closed","template":"elementor_header_footer","meta":{"_acf_changed":false,"footnotes":""},"class_list":["post-5919","page","type-page","status-publish","hentry"],"acf":[],"aioseo_notices":[],"_links":{"self":[{"href":"https:\/\/gjartshop.com\/cs\/wp-json\/wp\/v2\/pages\/5919","targetHints":{"allow":["GET"]}}],"collection":[{"href":"https:\/\/gjartshop.com\/cs\/wp-json\/wp\/v2\/pages"}],"about":[{"href":"https:\/\/gjartshop.com\/cs\/wp-json\/wp\/v2\/types\/page"}],"author":[{"embeddable":true,"href":"https:\/\/gjartshop.com\/cs\/wp-json\/wp\/v2\/users\/1"}],"replies":[{"embeddable":true,"href":"https:\/\/gjartshop.com\/cs\/wp-json\/wp\/v2\/comments?post=5919"}],"version-history":[{"count":43,"href":"https:\/\/gjartshop.com\/cs\/wp-json\/wp\/v2\/pages\/5919\/revisions"}],"predecessor-version":[{"id":5969,"href":"https:\/\/gjartshop.com\/cs\/wp-json\/wp\/v2\/pages\/5919\/revisions\/5969"}],"wp:attachment":[{"href":"https:\/\/gjartshop.com\/cs\/wp-json\/wp\/v2\/media?parent=5919"}],"curies":[{"name":"wp","href":"https:\/\/api.w.org\/{rel}","templated":true}]}}