{"id":4149,"date":"2020-08-28T13:37:35","date_gmt":"2020-08-28T13:37:35","guid":{"rendered":"https:\/\/gjartshop.com\/?post_type=product&#038;p=4149"},"modified":"2020-12-16T00:26:05","modified_gmt":"2020-12-16T00:26:05","slug":"119-lake-in-the-forest","status":"publish","type":"product","link":"https:\/\/gjartshop.com\/cs\/produkt\/119-lake-in-the-forest\/","title":{"rendered":"119 \u2013 Jezero v lese"},"content":{"rendered":"<p class=\"p1\">Gicl\u00e9e Prints on Canvas are first printed on a real cotton canvas, then painted over by Alexandr Onishenko with transparent gel which creates effect resembling the real piece of art.<\/p>\n<ul class=\"ul1\">\n<li class=\"li1\">ka\u017ed\u00e9 pl\u00e1tno je podeps\u00e1no a o\u010d\u00edslov\u00e1no<\/li>\n<li class=\"li1\">limitovan\u00e1 edice 100 kus\u016f<\/li>\n<li class=\"li1\">m\u016f\u017ee b\u00fdt doru\u010deno srolovan\u00e9 v bal\u00edku (jen pl\u00e1tno)<\/li>\n<li class=\"li1\">m\u016f\u017ee b\u00fdt doru\u010deno napnut\u00e9 v d\u0159ev\u011bn\u00e9m r\u00e1mu (v d\u0159ev\u011bn\u00e9 konstrukci)\u00a0<b>ONLY FOR CZECH REPUBLIC<\/b><\/li>\n<\/ul>\n<p class=\"p1\">\u00a0Available sizes: 25x25cm, 45x50cm<\/p>\n<p class=\"p3\">*for bigger dimensions, please contact us on\u00a0<a href=\"mailto:info@galeriejakubska.com\"><span class=\"s2\">info@galeriejakubska.com<\/span><\/a><\/p>","protected":false},"excerpt":{"rendered":"<p>Gicl\u00e9e Prints on Canvas are first printed on a real cotton canvas, then painted over by Alexandr Onishenko with transparent gel which creates effect resembling&hellip;<\/p>","protected":false},"featured_media":5162,"template":"","meta":{"_acf_changed":false},"product_brand":[],"product_cat":[36,39],"product_tag":[],"class_list":{"0":"post-4149","1":"product","2":"type-product","3":"status-publish","4":"has-post-thumbnail","6":"product_cat-nature","7":"product_cat-water","9":"first","10":"instock","11":"shipping-taxable","12":"purchasable","13":"product-type-variable","14":"customify-col","15":"product-has-gallery"},"acf":[],"aioseo_notices":[],"_links":{"self":[{"href":"https:\/\/gjartshop.com\/cs\/wp-json\/wp\/v2\/product\/4149","targetHints":{"allow":["GET"]}}],"collection":[{"href":"https:\/\/gjartshop.com\/cs\/wp-json\/wp\/v2\/product"}],"about":[{"href":"https:\/\/gjartshop.com\/cs\/wp-json\/wp\/v2\/types\/product"}],"version-history":[{"count":2,"href":"https:\/\/gjartshop.com\/cs\/wp-json\/wp\/v2\/product\/4149\/revisions"}],"predecessor-version":[{"id":5414,"href":"https:\/\/gjartshop.com\/cs\/wp-json\/wp\/v2\/product\/4149\/revisions\/5414"}],"wp:featuredmedia":[{"embeddable":true,"href":"https:\/\/gjartshop.com\/cs\/wp-json\/wp\/v2\/media\/5162"}],"wp:attachment":[{"href":"https:\/\/gjartshop.com\/cs\/wp-json\/wp\/v2\/media?parent=4149"}],"wp:term":[{"taxonomy":"product_brand","embeddable":true,"href":"https:\/\/gjartshop.com\/cs\/wp-json\/wp\/v2\/product_brand?post=4149"},{"taxonomy":"product_cat","embeddable":true,"href":"https:\/\/gjartshop.com\/cs\/wp-json\/wp\/v2\/product_cat?post=4149"},{"taxonomy":"product_tag","embeddable":true,"href":"https:\/\/gjartshop.com\/cs\/wp-json\/wp\/v2\/product_tag?post=4149"}],"curies":[{"name":"wp","href":"https:\/\/api.w.org\/{rel}","templated":true}]}}